{"id":7,"date":"2011-01-13T07:30:00","date_gmt":"2011-01-13T07:30:00","guid":{"rendered":"http:\/\/www.exited.de\/pub\/?page_id=7"},"modified":"2011-10-26T09:27:31","modified_gmt":"2011-10-26T09:27:31","slug":"services","status":"publish","type":"page","link":"https:\/\/www.exited.de\/?page_id=7","title":{"rendered":"Operation"},"content":{"rendered":"<h5>Unter dem Begriff\u00a0 &#8222;Operation&#8220; verstehen wir s\u00e4mtliche L\u00f6sungen, die ein Unternehmen f\u00fcr den erfolgreichen Betrieb aus informationstechnischer Sicht erfordert.<\/h5>\n<div class=\"wrapper\"><\/div>\n<div class=\"wrapper\"><img loading=\"lazy\" decoding=\"async\" class=\"alignleft size-full wp-image-191\" title=\"pic-14\" src=\"https:\/\/www.exited.de\/pub\/wp-content\/uploads\/2011\/01\/pic-14.jpg\" alt=\"\" width=\"185\" height=\"123\" \/>Hierzu z\u00e4hlen Telekommunikationsl\u00f6sungen genauso wie das Verf\u00fcgbar machen und Verwalten von Daten. Wir stehen Ihnen zur Seite: von der Planung, Beschaffung, der Installation und Inbetriebnahme, \u00fcber komplette Standortumz\u00fcge, bis hin zur Wartung und Demontage. Flexibilit\u00e4t bieten wir auch aus finanzieller Sicht: schonen Sie Ihre Liquidit\u00e4t durch unsere g\u00fcnstigen Leasingkonditionen oder den Einsatz g\u00fcnstiger Gebrauchtger\u00e4te aus Leasingr\u00fcckl\u00e4ufern.<\/div>\n<div><strong> <\/strong><\/div>\n<div><strong> <\/strong><\/div>\n<div><strong><\/p>\n<div>\nUnsere Leistungen im Einzelnen:<\/div>\n<p><\/strong><\/div>\n<ul>\n<li>Netzwerkverkabelungen \/ Qu\u00e4lit\u00e4tsmessungen \/ Fehlerbeseitigung<\/li>\n<li>Logische Planung von Netzwerken (VLAN, Routing etc.)<\/li>\n<li>Professionelle WLAN&#8217;s (z.B. mit Radius-Anbindung)<\/li>\n<li>Server f\u00fcr s\u00e4mtliche Bereiche z.B. File-, Exchange- und\u00a0 Terminalserver<\/li>\n<li>Mit \u00fcber 10 Jahren im DATEV-Support sind wir die erste Adresse in Frankfurt f\u00fcr Ihr DATEV-Anliegen<\/li>\n<li>Hard- und Softwarelieferung (wir sind Microsoft-, IBM-, HewlettPackard- und Colt-Partner)<\/li>\n<li>Nat\u00fcrlich auch der klassische Usersupport<\/li>\n<li>Wir bieten ind. Wartungsvertr\u00e4ge z.B mit Reaktionszeiten bis zu 15 Min. und jederzeit erreichbarer direkter Telefondurchwahl<\/li>\n<li>Virtualisierung<\/li>\n<li>ASP (Application Service Providing)<\/li>\n<\/ul>\n","protected":false},"excerpt":{"rendered":"<p>Unter dem Begriff\u00a0 &#8222;Operation&#8220; verstehen wir s\u00e4mtliche L\u00f6sungen, die ein Unternehmen f\u00fcr den erfolgreichen Betrieb aus informationstechnischer Sicht erfordert. Hierzu z\u00e4hlen Telekommunikationsl\u00f6sungen genauso wie das Verf\u00fcgbar machen und Verwalten von Daten. Wir stehen Ihnen zur Seite: von der Planung, Beschaffung, der Installation und Inbetriebnahme, \u00fcber komplette Standortumz\u00fcge, bis hin zur Wartung und Demontage. Flexibilit\u00e4t bieten<a href=\"https:\/\/www.exited.de\/?page_id=7\" class=\"read-more\">Continue Reading<\/a><\/p>\n","protected":false},"author":1,"featured_media":0,"parent":0,"menu_order":0,"comment_status":"closed","ping_status":"open","template":"","meta":{"_monsterinsights_skip_tracking":false,"_monsterinsights_sitenote_active":false,"_monsterinsights_sitenote_note":"","_monsterinsights_sitenote_category":0,"footnotes":""},"class_list":["post-7","page","type-page","status-publish","hentry"],"_links":{"self":[{"href":"https:\/\/www.exited.de\/index.php?rest_route=\/wp\/v2\/pages\/7","targetHints":{"allow":["GET"]}}],"collection":[{"href":"https:\/\/www.exited.de\/index.php?rest_route=\/wp\/v2\/pages"}],"about":[{"href":"https:\/\/www.exited.de\/index.php?rest_route=\/wp\/v2\/types\/page"}],"author":[{"embeddable":true,"href":"https:\/\/www.exited.de\/index.php?rest_route=\/wp\/v2\/users\/1"}],"replies":[{"embeddable":true,"href":"https:\/\/www.exited.de\/index.php?rest_route=%2Fwp%2Fv2%2Fcomments&post=7"}],"version-history":[{"count":34,"href":"https:\/\/www.exited.de\/index.php?rest_route=\/wp\/v2\/pages\/7\/revisions"}],"predecessor-version":[{"id":176,"href":"https:\/\/www.exited.de\/index.php?rest_route=\/wp\/v2\/pages\/7\/revisions\/176"}],"wp:attachment":[{"href":"https:\/\/www.exited.de\/index.php?rest_route=%2Fwp%2Fv2%2Fmedia&parent=7"}],"curies":[{"name":"wp","href":"https:\/\/api.w.org\/{rel}","templated":true}]}}