{"id":460,"date":"2011-10-26T10:57:15","date_gmt":"2011-10-26T10:57:15","guid":{"rendered":"http:\/\/www.exited.de\/pub\/?page_id=460"},"modified":"2011-10-26T10:57:15","modified_gmt":"2011-10-26T10:57:15","slug":"consulting","status":"publish","type":"page","link":"https:\/\/www.exited.de\/?page_id=460","title":{"rendered":"Consulting"},"content":{"rendered":"<h5>Nat\u00fcrlich helfen wir bei Installation, Schulung und Service<\/h5>\n<p>Installation und Update unserer Software werden in der Regel, von unseren Kunden selbstst\u00e4ndig durchgef\u00fchrt. Kostspielige Beratereins\u00e4tze entfallen. Unsere Setup-Routinen f\u00fchren alle Programm- und Datenbank-Installationen automatisch durch.<\/p>\n<p>Auf Wunsch unterst\u00fctzen wir Sie selbstverst\u00e4ndlich bei der Produkt-Einf\u00fchrung.<\/p>\n<p>Auch die Schulung Ihrer Mitarbeiter kann von unseren erfahrenen Schulungsleitern durchgef\u00fchrt werden.<\/p>\n<p>Sollten Sie Unterst\u00fctzung ben\u00f6tigen, steht Ihnen unser Service per Telefon oder E-Mail zur Verf\u00fcgung.<\/p>\n","protected":false},"excerpt":{"rendered":"<p>Nat\u00fcrlich helfen wir bei Installation, Schulung und Service Installation und Update unserer Software werden in der Regel, von unseren Kunden selbstst\u00e4ndig durchgef\u00fchrt. Kostspielige Beratereins\u00e4tze entfallen. Unsere Setup-Routinen f\u00fchren alle Programm- und Datenbank-Installationen automatisch durch. Auf Wunsch unterst\u00fctzen wir Sie selbstverst\u00e4ndlich bei der Produkt-Einf\u00fchrung. Auch die Schulung Ihrer Mitarbeiter kann von unseren erfahrenen Schulungsleitern durchgef\u00fchrt werden.<a href=\"https:\/\/www.exited.de\/?page_id=460\" class=\"read-more\">Continue Reading<\/a><\/p>\n","protected":false},"author":1,"featured_media":0,"parent":0,"menu_order":0,"comment_status":"open","ping_status":"open","template":"","meta":{"_monsterinsights_skip_tracking":false,"_monsterinsights_sitenote_active":false,"_monsterinsights_sitenote_note":"","_monsterinsights_sitenote_category":0,"footnotes":""},"class_list":["post-460","page","type-page","status-publish","hentry"],"_links":{"self":[{"href":"https:\/\/www.exited.de\/index.php?rest_route=\/wp\/v2\/pages\/460","targetHints":{"allow":["GET"]}}],"collection":[{"href":"https:\/\/www.exited.de\/index.php?rest_route=\/wp\/v2\/pages"}],"about":[{"href":"https:\/\/www.exited.de\/index.php?rest_route=\/wp\/v2\/types\/page"}],"author":[{"embeddable":true,"href":"https:\/\/www.exited.de\/index.php?rest_route=\/wp\/v2\/users\/1"}],"replies":[{"embeddable":true,"href":"https:\/\/www.exited.de\/index.php?rest_route=%2Fwp%2Fv2%2Fcomments&post=460"}],"version-history":[{"count":1,"href":"https:\/\/www.exited.de\/index.php?rest_route=\/wp\/v2\/pages\/460\/revisions"}],"predecessor-version":[{"id":461,"href":"https:\/\/www.exited.de\/index.php?rest_route=\/wp\/v2\/pages\/460\/revisions\/461"}],"wp:attachment":[{"href":"https:\/\/www.exited.de\/index.php?rest_route=%2Fwp%2Fv2%2Fmedia&parent=460"}],"curies":[{"name":"wp","href":"https:\/\/api.w.org\/{rel}","templated":true}]}}