{"id":452,"date":"2011-10-26T10:49:46","date_gmt":"2011-10-26T10:49:46","guid":{"rendered":"http:\/\/www.exited.de\/pub\/?page_id=452"},"modified":"2011-10-26T10:49:46","modified_gmt":"2011-10-26T10:49:46","slug":"pflicht","status":"publish","type":"page","link":"https:\/\/www.exited.de\/?page_id=452","title":{"rendered":"Pflicht"},"content":{"rendered":"<h5>Die Pflicht zur Pr\u00fcfung besteht f\u00fcr jedes Unternehmen!<\/h5>\n<p><strong>Wer muss was pr\u00fcfen?<\/strong><\/p>\n<p>Jedes Unternehmen mu\u00df zumutbare Ma\u00dfnahmen ergreifen, die sicherstellen, da\u00df Verst\u00f6\u00dfe nicht vors\u00e4tzlich (z.B. durch Pr\u00fcfunterlassung) oder fahrl\u00e4ssig (z.B. unzureichende Pr\u00fcfma\u00dfnahmen) begangen werden.<\/p>\n<p>Die f\u00fcr die F\u00fchrung des Unternehmens verantwortlichen Personen spielen hierbei eine besondere Rolle, da diese nach \u00a7\u00a7 13, 14 Abs.2 StGB wegen unterlassen entsprechender organisatorischer Ma\u00dfnahmen haftbar gemacht werden k\u00f6nnen.<\/p>\n<p><strong>Jede Abteilung eines Unternehmens ist von der Pr\u00fcfungspflicht betroffen!<\/strong><\/p>\n<p>Der Vertrieb ist bei jedem Kundenkontakt verpflichtet eine \u00fcberpr\u00fcfung durchzuf\u00fchren, die ausschlie\u00dft, da\u00df eine auf den Listen vermerkte Person oder Organisation in das Gesch\u00e4ft involviert ist.<\/p>\n<p> Der Einkauf ist daf\u00fcr verantwortlich, im Sinne der Gesetzeslage, zu verhindern, da\u00df Wareneink\u00e4ufe gegen\u00fcber gelisteten Personen oder Organisationen get\u00e4tigt werden.<\/p>\n<p>Auch Mitarbeiter einer Firma stehen bez\u00fcglich der Personenembargos, nicht zuletzt durch das Verbot der Lohnzahlung, unter Kontrollpflicht. Aufgabe der Personalabteilung ist es, alle im Unternehmen angestellten Personen zu pr\u00fcfen. Auch Leihpersonal, Austauschstudenten, Praktikanten, Aushilfen oder hochqualifiziertes Forschungspersonal usw. <\/p>\n","protected":false},"excerpt":{"rendered":"<p>Die Pflicht zur Pr\u00fcfung besteht f\u00fcr jedes Unternehmen! Wer muss was pr\u00fcfen? Jedes Unternehmen mu\u00df zumutbare Ma\u00dfnahmen ergreifen, die sicherstellen, da\u00df Verst\u00f6\u00dfe nicht vors\u00e4tzlich (z.B. durch Pr\u00fcfunterlassung) oder fahrl\u00e4ssig (z.B. unzureichende Pr\u00fcfma\u00dfnahmen) begangen werden. Die f\u00fcr die F\u00fchrung des Unternehmens verantwortlichen Personen spielen hierbei eine besondere Rolle, da diese nach \u00a7\u00a7 13, 14 Abs.2 StGB<a href=\"https:\/\/www.exited.de\/?page_id=452\" class=\"read-more\">Continue Reading<\/a><\/p>\n","protected":false},"author":1,"featured_media":0,"parent":0,"menu_order":0,"comment_status":"open","ping_status":"open","template":"","meta":{"_monsterinsights_skip_tracking":false,"_monsterinsights_sitenote_active":false,"_monsterinsights_sitenote_note":"","_monsterinsights_sitenote_category":0,"footnotes":""},"class_list":["post-452","page","type-page","status-publish","hentry"],"_links":{"self":[{"href":"https:\/\/www.exited.de\/index.php?rest_route=\/wp\/v2\/pages\/452","targetHints":{"allow":["GET"]}}],"collection":[{"href":"https:\/\/www.exited.de\/index.php?rest_route=\/wp\/v2\/pages"}],"about":[{"href":"https:\/\/www.exited.de\/index.php?rest_route=\/wp\/v2\/types\/page"}],"author":[{"embeddable":true,"href":"https:\/\/www.exited.de\/index.php?rest_route=\/wp\/v2\/users\/1"}],"replies":[{"embeddable":true,"href":"https:\/\/www.exited.de\/index.php?rest_route=%2Fwp%2Fv2%2Fcomments&post=452"}],"version-history":[{"count":1,"href":"https:\/\/www.exited.de\/index.php?rest_route=\/wp\/v2\/pages\/452\/revisions"}],"predecessor-version":[{"id":453,"href":"https:\/\/www.exited.de\/index.php?rest_route=\/wp\/v2\/pages\/452\/revisions\/453"}],"wp:attachment":[{"href":"https:\/\/www.exited.de\/index.php?rest_route=%2Fwp%2Fv2%2Fmedia&parent=452"}],"curies":[{"name":"wp","href":"https:\/\/api.w.org\/{rel}","templated":true}]}}