{"id":443,"date":"2011-10-26T10:42:34","date_gmt":"2011-10-26T10:42:34","guid":{"rendered":"http:\/\/www.exited.de\/pub\/?page_id=443"},"modified":"2011-10-26T11:08:23","modified_gmt":"2011-10-26T11:08:23","slug":"embargo","status":"publish","type":"page","link":"https:\/\/www.exited.de\/?page_id=443","title":{"rendered":"embargo"},"content":{"rendered":"<h5>Kennen Sie Ihre Gesch\u00e4ftspartner genau?<\/h5>\n<p>Sie haben mit Kunden, Lieferanten, Mitarbeitern oder anderen Gesch\u00e4ftspartnern zu tun!<br \/>\nOder m\u00fcssen Sie Ihre Produkte\/St\u00fccklisten gegen die <strong>EG-Dual-Use-G\u00fcterliste<\/strong> pr\u00fcfen?<br \/>\nKennen Sie die Gesetze, Richtlinien und Verordnungen und die sich daraus ergebenden Verpflichtungen?<br \/>\n<a href=\"https:\/\/www.exited.de\/pub\/wp-content\/uploads\/2011\/01\/pic-16.jpg\"><img loading=\"lazy\" decoding=\"async\" class=\"alignnone size-full wp-image-225\" title=\"pic-16\" src=\"https:\/\/www.exited.de\/pub\/wp-content\/uploads\/2011\/01\/pic-16.jpg\" alt=\"\" width=\"185\" height=\"123\" \/><\/a><\/p>\n<h5>Ihr Unternehmen<\/h5>\n<ul>\n<li> Produzierendes Gewerbe<\/li>\n<li> Handel oder Spedition\/Logistik<\/li>\n<li> Import\/Export<\/li>\n<li> Bank oder Versicherung<\/li>\n<li> Immobilienmakler oder Notar<\/li>\n<li> Rechtsanwalt oder Steuerberater<\/li>\n<\/ul>\n<h5>Ihre Sicherheit<\/h5>\n<p>faceIT-embargo erledigt die gesetzlich vorgeschriebene Sanktionslistenpr\u00fcfung automatisch! Vom Download bis zur Dokumentation.<\/p>\n<h5>Pr\u00fcfungsdaten<\/h5>\n<ul>\n<li> Kunden<\/li>\n<li> Lieferanten<\/li>\n<li> Mitarbeiter<\/li>\n<li> Ums\u00e4tze<\/li>\n<li> Produkte\/St\u00fccklisten\u00a0\u00a0 <strong>-NEU-<\/strong><\/li>\n<\/ul>\n<p>Diese oder auch andere Informationen werden durch faceIT-embargo gepr\u00fcft.\u00a0 St\u00e4ndig aktualisierte Sanktionslisten der Europ\u00e4ischen Union, US-Beh\u00f6rden,\u00a0 der Bank of England, den Vereinten Nationen oder die Dual-Use-G\u00fcterliste stehen kostenlos zur Verf\u00fcgung!<\/p>\n","protected":false},"excerpt":{"rendered":"<p>Kennen Sie Ihre Gesch\u00e4ftspartner genau? Sie haben mit Kunden, Lieferanten, Mitarbeitern oder anderen Gesch\u00e4ftspartnern zu tun! Oder m\u00fcssen Sie Ihre Produkte\/St\u00fccklisten gegen die EG-Dual-Use-G\u00fcterliste pr\u00fcfen? Kennen Sie die Gesetze, Richtlinien und Verordnungen und die sich daraus ergebenden Verpflichtungen? Ihr Unternehmen Produzierendes Gewerbe Handel oder Spedition\/Logistik Import\/Export Bank oder Versicherung Immobilienmakler oder Notar Rechtsanwalt oder Steuerberater<a href=\"https:\/\/www.exited.de\/?page_id=443\" class=\"read-more\">Continue Reading<\/a><\/p>\n","protected":false},"author":1,"featured_media":0,"parent":12,"menu_order":0,"comment_status":"open","ping_status":"open","template":"","meta":{"_monsterinsights_skip_tracking":false,"_monsterinsights_sitenote_active":false,"_monsterinsights_sitenote_note":"","_monsterinsights_sitenote_category":0,"footnotes":""},"class_list":["post-443","page","type-page","status-publish","hentry"],"_links":{"self":[{"href":"https:\/\/www.exited.de\/index.php?rest_route=\/wp\/v2\/pages\/443","targetHints":{"allow":["GET"]}}],"collection":[{"href":"https:\/\/www.exited.de\/index.php?rest_route=\/wp\/v2\/pages"}],"about":[{"href":"https:\/\/www.exited.de\/index.php?rest_route=\/wp\/v2\/types\/page"}],"author":[{"embeddable":true,"href":"https:\/\/www.exited.de\/index.php?rest_route=\/wp\/v2\/users\/1"}],"replies":[{"embeddable":true,"href":"https:\/\/www.exited.de\/index.php?rest_route=%2Fwp%2Fv2%2Fcomments&post=443"}],"version-history":[{"count":6,"href":"https:\/\/www.exited.de\/index.php?rest_route=\/wp\/v2\/pages\/443\/revisions"}],"predecessor-version":[{"id":472,"href":"https:\/\/www.exited.de\/index.php?rest_route=\/wp\/v2\/pages\/443\/revisions\/472"}],"up":[{"embeddable":true,"href":"https:\/\/www.exited.de\/index.php?rest_route=\/wp\/v2\/pages\/12"}],"wp:attachment":[{"href":"https:\/\/www.exited.de\/index.php?rest_route=%2Fwp%2Fv2%2Fmedia&parent=443"}],"curies":[{"name":"wp","href":"https:\/\/api.w.org\/{rel}","templated":true}]}}