{"id":20,"date":"2011-01-13T07:31:44","date_gmt":"2011-01-13T07:31:44","guid":{"rendered":"http:\/\/www.exited.de\/pub\/?page_id=20"},"modified":"2011-10-26T10:17:42","modified_gmt":"2011-10-26T10:17:42","slug":"company-news","status":"publish","type":"page","link":"https:\/\/www.exited.de\/?page_id=20","title":{"rendered":"BCS"},"content":{"rendered":"<h5>Business Continuity Services<\/h5>\n<p>Kann die IT Ihren unterbrechungsfreien Betrieb garantieren?<\/p>\n<p>IT nimmt heute in jedem Unternehmen, unabh\u00e4ngig von der Branche, eine entscheidende Rolle ein.<\/p>\n<p>Ein Ausfall der IT Umgebung ist unmittelbar mit einer Reihe von Problemen verbunden: Gesch\u00e4ftsausfall, Zusatzkosten, Kunden- und Imageverlust. Deshalb sind ein garantierter Betrieb und ein Notfallskonzept Notwendigkeiten, um am Markt bestehen zu k\u00f6nnen.<\/p>\n<p><img decoding=\"async\" src=\"\/RC2\/images\/articles\/weg.jpg\" alt=\"\" \/><\/p>\n<p>Wir bieten in diesem Bereich s\u00e4mtliche Dienstleistungen und L\u00f6sungen an, um Sie in Ihrer Verantwortung zu unterst\u00fctzen und Ihre IT Umgebung f\u00fcr Extremf\u00e4lle zu r\u00fcsten.<\/p>\n<p>Unsere Dienstleistungspalette erstreckt sich von der Analyse \u00fcber Risikobewertung, L\u00f6sungsdesign bis hin zur Umsetzung und den Betrieb.<\/p>\n<p><strong>Die Services im Einzelnen:<\/strong><\/p>\n<ul>\n<li> Availability Checkup<\/li>\n<li> Backup Solutions<\/li>\n<li> Hochverf\u00fcgbare System-  Infrastruktur<\/li>\n<li> Disaster Recovery<\/li>\n<li> Betreuung und Change  Management<\/li>\n<li> Monitoring<\/li>\n<\/ul>\n<p><em><strong>Kann die IT Ihren unterbrechungsfreien Betrieb garantieren?<\/strong><\/em><\/p>\n<p>&nbsp;<\/p>\n","protected":false},"excerpt":{"rendered":"<p>Business Continuity Services Kann die IT Ihren unterbrechungsfreien Betrieb garantieren? IT nimmt heute in jedem Unternehmen, unabh\u00e4ngig von der Branche, eine entscheidende Rolle ein. Ein Ausfall der IT Umgebung ist unmittelbar mit einer Reihe von Problemen verbunden: Gesch\u00e4ftsausfall, Zusatzkosten, Kunden- und Imageverlust. Deshalb sind ein garantierter Betrieb und ein Notfallskonzept Notwendigkeiten, um am Markt bestehen<a href=\"https:\/\/www.exited.de\/?page_id=20\" class=\"read-more\">Continue Reading<\/a><\/p>\n","protected":false},"author":1,"featured_media":0,"parent":2,"menu_order":0,"comment_status":"closed","ping_status":"open","template":"","meta":{"_monsterinsights_skip_tracking":false,"_monsterinsights_sitenote_active":false,"_monsterinsights_sitenote_note":"","_monsterinsights_sitenote_category":0,"footnotes":""},"class_list":["post-20","page","type-page","status-publish","hentry"],"_links":{"self":[{"href":"https:\/\/www.exited.de\/index.php?rest_route=\/wp\/v2\/pages\/20","targetHints":{"allow":["GET"]}}],"collection":[{"href":"https:\/\/www.exited.de\/index.php?rest_route=\/wp\/v2\/pages"}],"about":[{"href":"https:\/\/www.exited.de\/index.php?rest_route=\/wp\/v2\/types\/page"}],"author":[{"embeddable":true,"href":"https:\/\/www.exited.de\/index.php?rest_route=\/wp\/v2\/users\/1"}],"replies":[{"embeddable":true,"href":"https:\/\/www.exited.de\/index.php?rest_route=%2Fwp%2Fv2%2Fcomments&post=20"}],"version-history":[{"count":22,"href":"https:\/\/www.exited.de\/index.php?rest_route=\/wp\/v2\/pages\/20\/revisions"}],"predecessor-version":[{"id":260,"href":"https:\/\/www.exited.de\/index.php?rest_route=\/wp\/v2\/pages\/20\/revisions\/260"}],"up":[{"embeddable":true,"href":"https:\/\/www.exited.de\/index.php?rest_route=\/wp\/v2\/pages\/2"}],"wp:attachment":[{"href":"https:\/\/www.exited.de\/index.php?rest_route=%2Fwp%2Fv2%2Fmedia&parent=20"}],"curies":[{"name":"wp","href":"https:\/\/api.w.org\/{rel}","templated":true}]}}