{"id":2,"date":"2011-01-12T16:34:05","date_gmt":"2011-01-12T16:34:05","guid":{"rendered":"http:\/\/www.exited.de\/pub\/?page_id=2"},"modified":"2011-10-26T13:13:18","modified_gmt":"2011-10-26T13:13:18","slug":"about","status":"publish","type":"page","link":"https:\/\/www.exited.de\/?page_id=2","title":{"rendered":"\u00dcber uns"},"content":{"rendered":"<p>Im Jahre 2004 fassten die Inhaber der damaligen ITandWeb-Consulting and Developement und der NetSecurity GmbH den Entschlu\u00df, ihre Kompetenzen geb\u00fcndelt anzubieten und gr\u00fcndeten die exITed GmbH. Seit dem hat sich einiges getan, wir konnten weitere Kunden gewinnen und ma\u00dfgeblich zu deren Erfolg beisteuern. Unser junges Team sorgt f\u00fcr frischen Wind und moderne L\u00f6sungen. Unserer sozialen Verantwortung kommen wir durch die Schaffung von Ausbildungspl\u00e4tzen und der Vergabe von studentischen Praktikantenstellen nach. Wir freuen uns, dass Sie den Weg zu uns gefunden haben.<\/p>\n<div class=\"two-columns\">\n<div class=\"left\">\n<h3>Fakten<\/h3>\n<ul>\n<li>1999 Gr\u00fcndung der NetSecurity durch Reiner Krapohl<\/li>\n<li>2001 Gr\u00fcndung der &#8222;ITandWeb&#8220; durch S\u00f6ren Junghanns und Christian Wolf<\/li>\n<li>2004 Zusammenschluss und Gr\u00fcndung der exITed<\/li>\n<li>2009 Wir platzen aus allen N\u00e4hten: Umzug in das Technologie- und Innovationszentrum (ITF) West Frankfurt<\/li>\n<li>2010 Die preisgekr\u00f6nte Compliance-Software FaceIT-Embargo wird ver\u00f6ffentlicht<\/li>\n<li>2011 Nachdem bereits mehrere Praktikanten sowie Diplomanden unser Haus durchlaufen haben, stellen wir unseren ersten Auszubildenden ein<\/li>\n<\/ul>\n<\/div>\n<div class=\"right\">\n<h3>Visionen<\/h3>\n<h5>Wir wachsen und suchen weiterhin Unterst\u00fctzung<\/h5>\n<p><img loading=\"lazy\" decoding=\"async\" class=\"alignnone size-full wp-image-153\" title=\"pic-12\" src=\"https:\/\/www.exited.de\/pub\/wp-content\/uploads\/2011\/01\/pic-12.jpg\" alt=\"\" width=\"185\" height=\"123\" \/><\/p>\n<ul>\n<li>Sie m\u00f6chten eine Ausbildung zum IT-Systemkaufman\/frau absolvieren?<\/li>\n<li>Sie studieren Informatik (o.\u00e4,) und m\u00f6chten das Berufspraktische Semester absolvieren?<\/li>\n<li> Sie sind ausgebildeter Elektroinstallateur und ein Genie auf dem Gebiet der strukturierten Netzwerkverkabelung oder Video\u00fcberwachungsanlagen?<\/li>\n<li>Wir w\u00fcrden uns freuen, Sie bald in unserem Team Willkommen heissen zu d\u00fcrfen!<\/li>\n<\/ul>\n<\/div>\n<\/div>\n","protected":false},"excerpt":{"rendered":"<p>Im Jahre 2004 fassten die Inhaber der damaligen ITandWeb-Consulting and Developement und der NetSecurity GmbH den Entschlu\u00df, ihre Kompetenzen geb\u00fcndelt anzubieten und gr\u00fcndeten die exITed GmbH. Seit dem hat sich einiges getan, wir konnten weitere Kunden gewinnen und ma\u00dfgeblich zu deren Erfolg beisteuern. Unser junges Team sorgt f\u00fcr frischen Wind und moderne L\u00f6sungen. Unserer sozialen<a href=\"https:\/\/www.exited.de\/?page_id=2\" class=\"read-more\">Continue Reading<\/a><\/p>\n","protected":false},"author":1,"featured_media":0,"parent":0,"menu_order":0,"comment_status":"closed","ping_status":"open","template":"","meta":{"_monsterinsights_skip_tracking":false,"_monsterinsights_sitenote_active":false,"_monsterinsights_sitenote_note":"","_monsterinsights_sitenote_category":0,"footnotes":""},"class_list":["post-2","page","type-page","status-publish","hentry"],"_links":{"self":[{"href":"https:\/\/www.exited.de\/index.php?rest_route=\/wp\/v2\/pages\/2","targetHints":{"allow":["GET"]}}],"collection":[{"href":"https:\/\/www.exited.de\/index.php?rest_route=\/wp\/v2\/pages"}],"about":[{"href":"https:\/\/www.exited.de\/index.php?rest_route=\/wp\/v2\/types\/page"}],"author":[{"embeddable":true,"href":"https:\/\/www.exited.de\/index.php?rest_route=\/wp\/v2\/users\/1"}],"replies":[{"embeddable":true,"href":"https:\/\/www.exited.de\/index.php?rest_route=%2Fwp%2Fv2%2Fcomments&post=2"}],"version-history":[{"count":43,"href":"https:\/\/www.exited.de\/index.php?rest_route=\/wp\/v2\/pages\/2\/revisions"}],"predecessor-version":[{"id":152,"href":"https:\/\/www.exited.de\/index.php?rest_route=\/wp\/v2\/pages\/2\/revisions\/152"}],"wp:attachment":[{"href":"https:\/\/www.exited.de\/index.php?rest_route=%2Fwp%2Fv2%2Fmedia&parent=2"}],"curies":[{"name":"wp","href":"https:\/\/api.w.org\/{rel}","templated":true}]}}