{"id":18,"date":"2011-01-13T07:31:30","date_gmt":"2011-01-13T07:31:30","guid":{"rendered":"http:\/\/www.exited.de\/pub\/?page_id=18"},"modified":"2011-10-26T13:06:14","modified_gmt":"2011-10-26T13:06:14","slug":"staff","status":"publish","type":"page","link":"https:\/\/www.exited.de\/?page_id=18","title":{"rendered":"Cloud"},"content":{"rendered":"<p><a href=\"https:\/\/www.exited.de\/pub\/wp-content\/uploads\/2011\/01\/pic-19.jpg\"><\/a><\/p>\n<h5>Willkommen in der Cloud<\/h5>\n<p><strong><em>W<\/em><\/strong>ir betreiben in Frankfurt ein hochmodernes und technisch so ausgestattetes Rechenzentrum wie jeder Serverraum ausgestattet sein sollte , aber wegen des immensen Aufwands nicht ist:<\/p>\n<ul>\n<li>Notstromversorgung durch USV\u2019s und Notstromgenerator<\/li>\n<li>redundante Klimatisierung<\/li>\n<li>Feuerl\u00f6scheinrichtung<\/li>\n<li>Einbruchschutz durch Video\u00fcberwachung, elektronischem und pers\u00f6nlichem Zugangsschutz<\/li>\n<li>mehrstufigem Firewallkonzept<\/li>\n<li>permanentes Monitoring der Server<\/li>\n<li>Redundanter Hochgeschwindigkeits-Internetanbindung<\/li>\n<li>Datensicherungs- und Updatemanagement<\/li>\n<\/ul>\n<p><strong><em><a href=\"https:\/\/www.exited.de\/pub\/wp-content\/uploads\/2011\/01\/pic-19.jpg\"><img loading=\"lazy\" decoding=\"async\" class=\"size-full wp-image-251 alignleft\" title=\"pic-19\" src=\"https:\/\/www.exited.de\/pub\/wp-content\/uploads\/2011\/01\/pic-19.jpg\" alt=\"\" width=\"185\" height=\"123\" \/><\/a>W<\/em><\/strong>ir stellen Ihnen Kommunikations-, Datenbank, File-, Terminalserver und vor allem auch die entsprechende Software inklusive Lizenzen samt Datensicherung zur Verf\u00fcgung. Sie buchen beispielsweise f\u00fcnf Arbeitspl\u00e4tze und zahlen hierf\u00fcr eine monatliche Pauschale. In Ihren R\u00e4umlichkeiten m\u00fcssen Sie lediglich f\u00fcnf ThinClients (abgespeckte PC\u2019s mit geringem Stromverbrauch und ohne lautstarke L\u00fcfter), Monitore, Tastaturen und M\u00e4use sowie die gew\u00fcnschte Anzahl von Druckern bereitstellen. Sie arbeiten stets mit der neuesten Software Updates werden Nachts eingespielt, so dass Ihre Produktivit\u00e4t nicht beeinflusst wird, wir \u00fcberwachen unsere Server permanent und halten st\u00e4ndig Techniker vor Ort, es wird also nicht erst im Fehlerfall reagiert, sondern pr\u00e4ventiv gearbeitet.<\/p>\n<p>Wir reagieren unkompliziert und dynamisch: Sie haben f\u00fcr die n\u00e4chsten beiden Wochen eine zus\u00e4tzliche Aushilfe? Sofort schalten wir Ihnen einen weiteren Arbeitsplatz hinzu.<\/p>\n<p>Sie m\u00f6chten von zuhause aus arbeiten? Gerne, sie k\u00f6nnen von jedem Ort der Welt zugreifen, Sie ben\u00f6tigen lediglich Internet! <\/p>\n","protected":false},"excerpt":{"rendered":"<p>Willkommen in der Cloud Wir betreiben in Frankfurt ein hochmodernes und technisch so ausgestattetes Rechenzentrum wie jeder Serverraum ausgestattet sein sollte , aber wegen des immensen Aufwands nicht ist: Notstromversorgung durch USV\u2019s und Notstromgenerator redundante Klimatisierung Feuerl\u00f6scheinrichtung Einbruchschutz durch Video\u00fcberwachung, elektronischem und pers\u00f6nlichem Zugangsschutz mehrstufigem Firewallkonzept permanentes Monitoring der Server Redundanter Hochgeschwindigkeits-Internetanbindung Datensicherungs- und Updatemanagement<a href=\"https:\/\/www.exited.de\/?page_id=18\" class=\"read-more\">Continue Reading<\/a><\/p>\n","protected":false},"author":1,"featured_media":0,"parent":7,"menu_order":0,"comment_status":"closed","ping_status":"open","template":"","meta":{"_monsterinsights_skip_tracking":false,"_monsterinsights_sitenote_active":false,"_monsterinsights_sitenote_note":"","_monsterinsights_sitenote_category":0,"footnotes":""},"class_list":["post-18","page","type-page","status-publish","hentry"],"_links":{"self":[{"href":"https:\/\/www.exited.de\/index.php?rest_route=\/wp\/v2\/pages\/18","targetHints":{"allow":["GET"]}}],"collection":[{"href":"https:\/\/www.exited.de\/index.php?rest_route=\/wp\/v2\/pages"}],"about":[{"href":"https:\/\/www.exited.de\/index.php?rest_route=\/wp\/v2\/types\/page"}],"author":[{"embeddable":true,"href":"https:\/\/www.exited.de\/index.php?rest_route=\/wp\/v2\/users\/1"}],"replies":[{"embeddable":true,"href":"https:\/\/www.exited.de\/index.php?rest_route=%2Fwp%2Fv2%2Fcomments&post=18"}],"version-history":[{"count":21,"href":"https:\/\/www.exited.de\/index.php?rest_route=\/wp\/v2\/pages\/18\/revisions"}],"predecessor-version":[{"id":250,"href":"https:\/\/www.exited.de\/index.php?rest_route=\/wp\/v2\/pages\/18\/revisions\/250"}],"up":[{"embeddable":true,"href":"https:\/\/www.exited.de\/index.php?rest_route=\/wp\/v2\/pages\/7"}],"wp:attachment":[{"href":"https:\/\/www.exited.de\/index.php?rest_route=%2Fwp%2Fv2%2Fmedia&parent=18"}],"curies":[{"name":"wp","href":"https:\/\/api.w.org\/{rel}","templated":true}]}}