{"id":14,"date":"2011-01-13T07:30:48","date_gmt":"2011-01-13T07:30:48","guid":{"rendered":"http:\/\/www.exited.de\/pub\/?page_id=14"},"modified":"2026-03-18T14:02:14","modified_gmt":"2026-03-18T13:02:14","slug":"contacts","status":"publish","type":"page","link":"https:\/\/www.exited.de\/?page_id=14","title":{"rendered":"Kontakt\/Impressum"},"content":{"rendered":"\n<div class=\"wrapper\">\n<div class=\"info-box\">\n<p>exITed GmbH<\/p>\n<p>Kennedyallee 93<br>60596 Frankfurt am Main<\/p>\n<p>Schwanheimer Str. 7-9<br>64683 Einhausen<\/p>\n<p><small>+49 69 299 868 200 <\/small>Tel.-Zentrale:<br><small>+49 69 299 868 249 <\/small>Fax-Zentrale:<\/p>\n<p><small>+49 69 299 868 210 <\/small>Tel.-FaceIT-embargo:<br><small>+49 69 299 868 219 <\/small>Fax-FaceIT-embargo:<br><small><\/small><br><small><a href=\"mailto:backoffice@exited.de\">backoffice@exited.de<\/a> <\/small>E-Mail:<br><small> <\/small><\/p>\n<p><a title=\"exITed_V-Card\" href=\"https:\/\/www.exited.de\/pub\/wp-content\/uploads\/exITed_GmbH.vcf\">Visitenkartendownload<\/a><\/p>\n<p><a href=\"https:\/\/stable-update.pcvisit.de\/v1\/hosted\/jumplink?productid=18&#038;func=download&#038;productrole=guestSetup&#038;host=stable-update.pcvisit.de&#038;companyid=2792799307&#038;gateway=app.pcvisit.de\">Fernwartung<\/a><\/p>\n<p><a href=\"https:\/\/lb3.pcvisit.de\/v1\/hosted\/jumplink?func=download&#038;topic=guestSetup&#038;destname=pcvisit_Kunden-Modul&#038;os=osMacOSx\">Fernwartung MacOS<\/a><\/p>\n<p>Handelsregister:<br>Amtsgerichts Frankfurt am Main, HRB 136088<\/p>\n<p>USt-ID-Nr.: DE814012441<\/p>\n<p>Gesch\u00e4ftsf\u00fchrer: S\u00f6ren Junghanns<\/p>\n<p><a href=\"https:\/\/www.exited.de\/agb\/exITed_agb.pdf\">Allgemeine Gesch\u00e4ftsbedingungen<\/a><\/p>\n<\/div>\n<\/div>\n","protected":false},"excerpt":{"rendered":"<p>exITed GmbH Kennedyallee 9360596 Frankfurt am Main Schwanheimer Str. 7-964683 Einhausen +49 69 299 868 200 Tel.-Zentrale:+49 69 299 868 249 Fax-Zentrale: +49 69 299 868 210 Tel.-FaceIT-embargo:+49 69 299 868 219 Fax-FaceIT-embargo:backoffice@exited.de E-Mail: Visitenkartendownload Fernwartung Fernwartung MacOS Handelsregister:Amtsgerichts Frankfurt am Main, HRB 136088 USt-ID-Nr.: DE814012441 Gesch\u00e4ftsf\u00fchrer: S\u00f6ren Junghanns Allgemeine Gesch\u00e4ftsbedingungen<\/p>\n","protected":false},"author":1,"featured_media":0,"parent":0,"menu_order":0,"comment_status":"closed","ping_status":"closed","template":"","meta":{"_monsterinsights_skip_tracking":false,"_monsterinsights_sitenote_active":false,"_monsterinsights_sitenote_note":"","_monsterinsights_sitenote_category":0,"footnotes":""},"class_list":["post-14","page","type-page","status-publish","hentry"],"_links":{"self":[{"href":"https:\/\/www.exited.de\/index.php?rest_route=\/wp\/v2\/pages\/14","targetHints":{"allow":["GET"]}}],"collection":[{"href":"https:\/\/www.exited.de\/index.php?rest_route=\/wp\/v2\/pages"}],"about":[{"href":"https:\/\/www.exited.de\/index.php?rest_route=\/wp\/v2\/types\/page"}],"author":[{"embeddable":true,"href":"https:\/\/www.exited.de\/index.php?rest_route=\/wp\/v2\/users\/1"}],"replies":[{"embeddable":true,"href":"https:\/\/www.exited.de\/index.php?rest_route=%2Fwp%2Fv2%2Fcomments&post=14"}],"version-history":[{"count":56,"href":"https:\/\/www.exited.de\/index.php?rest_route=\/wp\/v2\/pages\/14\/revisions"}],"predecessor-version":[{"id":0,"href":"https:\/\/www.exited.de\/index.php?rest_route=\/wp\/v2\/pages\/14\/revisions\/0"}],"wp:attachment":[{"href":"https:\/\/www.exited.de\/index.php?rest_route=%2Fwp%2Fv2%2Fmedia&parent=14"}],"curies":[{"name":"wp","href":"https:\/\/api.w.org\/{rel}","templated":true}]}}