{"id":12,"date":"2011-01-13T07:30:36","date_gmt":"2011-01-13T07:30:36","guid":{"rendered":"http:\/\/www.exited.de\/pub\/?page_id=12"},"modified":"2011-10-26T12:14:11","modified_gmt":"2011-10-26T12:14:11","slug":"clients-list","status":"publish","type":"page","link":"https:\/\/www.exited.de\/?page_id=12","title":{"rendered":"FaceIT"},"content":{"rendered":"<p>&nbsp;<\/p>\n<p>Nationale und internationale Gesetze und Richtlinien gegen kriminelle Handlungen verpflichten Banken und Firmen, das Thema Compliance in fast allen Unternehmensbereichen zu ber\u00fccksichtigen. faceIT-solutions entwickelt L\u00f6sungen zu diesem Thema. Viele Jahre Entwicklungs- und Consulting- Erfahrung in den Bereichen<\/p>\n<p class=\"wrapper\"><a href=\"https:\/\/www.exited.de\/pub\/wp-content\/uploads\/2011\/01\/picture-1.jpg\"><img loading=\"lazy\" decoding=\"async\" class=\"alignleft size-full wp-image-126\" title=\"picture-1\" src=\"https:\/\/www.exited.de\/pub\/wp-content\/uploads\/2011\/01\/picture-1.jpg\" alt=\"\" width=\"340\" height=\"158\" srcset=\"https:\/\/www.exited.de\/pub\/wp-content\/uploads\/2011\/01\/picture-1.jpg 340w, https:\/\/www.exited.de\/pub\/wp-content\/uploads\/2011\/01\/picture-1-300x139.jpg 300w\" sizes=\"auto, (max-width: 340px) 100vw, 340px\" \/><\/a><\/p>\n<p><a href=\"https:\/\/www.exited.de\/pub\/wp-content\/uploads\/2011\/01\/picture-1.jpg\"><\/a><\/p>\n<ul>\n<li> Umsetzung von Embargo-Ma\u00dfnahmen<\/li>\n<li> Bek\u00e4mpfung von Geldw\u00e4sche und Terrorismusfinanzierung<\/li>\n<li> Identifizierung\u00a0 von Politisch exponierten Personen (PEP)<\/li>\n<li> Erstellung von unternehmens-\/bankspezifischen Gef\u00e4hrdungsanalysen<\/li>\n<\/ul>\n<p>sind Grundlage unserer Entwicklungen. Viele erfolgreich abgeschlossene Projekte bei\u00a0nationalen und internationalen Privat- und Gro\u00dfbanken und Industrieunternehmen stellen sicher, den unterschiedlichen Anforderungen von Unternehmen und Banken jeder Gr\u00f6\u00dfe gerecht zu werden.<\/p>\n<p>Bei der Entwicklung aller unserer Produkte setzen wir h\u00f6chste Ma\u00dfst\u00e4be an Benutzerfreundlichkeit nicht nur bei der Bedienung, sondern auch bei Installation und Updates.<\/p>\n<p><\/a><\/p>\n","protected":false},"excerpt":{"rendered":"<p>&nbsp; Nationale und internationale Gesetze und Richtlinien gegen kriminelle Handlungen verpflichten Banken und Firmen, das Thema Compliance in fast allen Unternehmensbereichen zu ber\u00fccksichtigen. faceIT-solutions entwickelt L\u00f6sungen zu diesem Thema. Viele Jahre Entwicklungs- und Consulting- Erfahrung in den Bereichen Umsetzung von Embargo-Ma\u00dfnahmen Bek\u00e4mpfung von Geldw\u00e4sche und Terrorismusfinanzierung Identifizierung\u00a0 von Politisch exponierten Personen (PEP) Erstellung von unternehmens-\/bankspezifischen<a href=\"https:\/\/www.exited.de\/?page_id=12\" class=\"read-more\">Continue Reading<\/a><\/p>\n","protected":false},"author":1,"featured_media":0,"parent":0,"menu_order":0,"comment_status":"closed","ping_status":"open","template":"","meta":{"_monsterinsights_skip_tracking":false,"_monsterinsights_sitenote_active":false,"_monsterinsights_sitenote_note":"","_monsterinsights_sitenote_category":0,"footnotes":""},"class_list":["post-12","page","type-page","status-publish","hentry"],"_links":{"self":[{"href":"https:\/\/www.exited.de\/index.php?rest_route=\/wp\/v2\/pages\/12","targetHints":{"allow":["GET"]}}],"collection":[{"href":"https:\/\/www.exited.de\/index.php?rest_route=\/wp\/v2\/pages"}],"about":[{"href":"https:\/\/www.exited.de\/index.php?rest_route=\/wp\/v2\/types\/page"}],"author":[{"embeddable":true,"href":"https:\/\/www.exited.de\/index.php?rest_route=\/wp\/v2\/users\/1"}],"replies":[{"embeddable":true,"href":"https:\/\/www.exited.de\/index.php?rest_route=%2Fwp%2Fv2%2Fcomments&post=12"}],"version-history":[{"count":34,"href":"https:\/\/www.exited.de\/index.php?rest_route=\/wp\/v2\/pages\/12\/revisions"}],"predecessor-version":[{"id":209,"href":"https:\/\/www.exited.de\/index.php?rest_route=\/wp\/v2\/pages\/12\/revisions\/209"}],"wp:attachment":[{"href":"https:\/\/www.exited.de\/index.php?rest_route=%2Fwp%2Fv2%2Fmedia&parent=12"}],"curies":[{"name":"wp","href":"https:\/\/api.w.org\/{rel}","templated":true}]}}